{"id":2373,"date":"2023-10-30T22:11:49","date_gmt":"2023-10-30T22:11:49","guid":{"rendered":"https:\/\/greglacan.com\/fr-privacy-policy\/"},"modified":"2025-07-07T10:00:37","modified_gmt":"2025-07-07T10:00:37","slug":"fr-privacy-policy","status":"publish","type":"page","link":"https:\/\/greglacan.com\/pt\/fr-privacy-policy\/","title":{"rendered":"Pol\u00edtica de Privacidade"},"content":{"rendered":"\t\t<div data-elementor-type=\"wp-page\" data-elementor-id=\"2373\" class=\"elementor elementor-2373 elementor-3\" data-elementor-post-type=\"page\">\n\t\t\t\t<div class=\"elementor-element elementor-element-1b83d2fe e-flex e-con-boxed e-con e-parent\" data-id=\"1b83d2fe\" data-element_type=\"container\" data-e-type=\"container\">\n\t\t\t\t\t<div class=\"e-con-inner\">\n\t\t\t\t<div class=\"elementor-element elementor-element-932d006 elementor-widget elementor-widget-text-editor\" data-id=\"932d006\" data-element_type=\"widget\" data-e-type=\"widget\" data-widget_type=\"text-editor.default\">\n\t\t\t\t<div class=\"elementor-widget-container\">\n\t\t\t\t\t\t\t\t\t<section class=\"elementor-section elementor-top-section elementor-element elementor-element-bd2b506 elementor-section-boxed elementor-section-height-default elementor-section-height-default\" data-id=\"bd2b506\" data-element_type=\"section\">\n<div class=\"elementor-container elementor-column-gap-default\">\n<div class=\"elementor-row\">\n<div class=\"elementor-column elementor-col-100 elementor-top-column elementor-element elementor-element-6375d41\" data-id=\"6375d41\" data-element_type=\"column\">\n<div class=\"elementor-column-wrap elementor-element-populated\">\n<div class=\"elementor-widget-wrap\">\n<div class=\"elementor-element elementor-element-1f6c93d elementor-widget elementor-widget-heading\" data-id=\"1f6c93d\" data-element_type=\"widget\" data-widget_type=\"heading.default\">\n<div class=\"elementor-widget-container\">\n<h2 class=\"elementor-heading-title elementor-size-medium\">Se n\u00e3o concordar com a nossa Pol\u00edtica de Privacidade, n\u00e3o deve prosseguir com o preenchimento do formul\u00e1rio de contacto no nosso site, nem subscrever a nossa Newsletter.<\/h2>\n<\/div>\n<\/div>\n<\/div>\n<\/div>\n<\/div>\n<\/div>\n<\/div>\n<\/section>\t\t\t\t\t\t\t\t<\/div>\n\t\t\t\t<\/div>\n\t\t\t\t<div class=\"elementor-element elementor-element-7ebadab6 elementor-widget elementor-widget-text-editor\" data-id=\"7ebadab6\" data-element_type=\"widget\" data-e-type=\"widget\" data-widget_type=\"text-editor.default\">\n\t\t\t\t<div class=\"elementor-widget-container\">\n\t\t\t\t\t\t\t\t\t\n<div class=\"elementor-element elementor-element-5909985 txt-left sub-title elementor-widget elementor-widget-heading\" data-id=\"5909985\" data-element_type=\"widget\" data-widget_type=\"heading.default\">\n<div class=\"elementor-widget-container\">\n<h3 class=\"elementor-heading-title elementor-size-default\">QUEM SOMOS?<\/h3>\n<\/div>\n<\/div>\n<div class=\"elementor-element elementor-element-04f8ee0 elementor-widget elementor-widget-text-editor\" data-id=\"04f8ee0\" data-element_type=\"widget\" data-widget_type=\"text-editor.default\">\n<div class=\"elementor-widget-container\">\n<div class=\"elementor-text-editor elementor-clearfix\">\n<p>De acordo com o Regulamento (UE) 2016\/679 DO PARLAMENTO EUROPEU E DO CONSELHO, de 27 de abril de 2016, relativo \u00e0 prote\u00e7\u00e3o das pessoas singulares no que diz respeito ao tratamento de dados pessoais e \u00e0 livre circula\u00e7\u00e3o desses dados, informamos que Gr\u00e9goire Lacan \u00e9 propriet\u00e1rio da marca <a href=\"https:\/\/greglacan.com\/pt\/\">https:\/\/greglacan.com\/<\/a>, uma marca pessoal, com sede em Av. Do Forte Fraction O1, n.\u00ba 8, 2790-072 Carnaxide, Portugal, registada sob o n\u00famero \u00fanico de registo e pessoa coletiva 269047697 denominada \u00abGr\u00e9goire Lacan\u00bb, que atua na \u00e1rea do Marketing Digital. <\/p>\n<\/div>\n<\/div>\n<\/div>\n<div class=\"elementor-element elementor-element-a21e47b txt-left sub-title elementor-widget elementor-widget-heading\" data-id=\"a21e47b\" data-element_type=\"widget\" data-widget_type=\"heading.default\">\n<div class=\"elementor-widget-container\">\n<h3 class=\"elementor-heading-title elementor-size-default\">QUEM \u00c9 O RESPONS\u00c1VEL PELO TRATAMENTO DOS DADOS?<\/h3>\n<\/div>\n<\/div>\n<div class=\"elementor-element elementor-element-4fff44e elementor-widget elementor-widget-text-editor\" data-id=\"4fff44e\" data-element_type=\"widget\" data-widget_type=\"text-editor.default\">\n<div class=\"elementor-widget-container\">\n<div class=\"elementor-text-editor elementor-clearfix\">\n<p>Gr\u00e9goire Lacan \u00e9 respons\u00e1vel pelo tratamento dos dados pessoais. Ele decide quais dados s\u00e3o recolhidos, como s\u00e3o tratados e para que fins. <\/p>\n<\/div>\n<\/div>\n<\/div>\n<div class=\"elementor-element elementor-element-167b3b8 txt-left sub-title elementor-widget elementor-widget-heading\" data-id=\"167b3b8\" data-element_type=\"widget\" data-widget_type=\"heading.default\">\n<div class=\"elementor-widget-container\">\n<h3 class=\"elementor-heading-title elementor-size-default\">POR QUE UMA POL\u00cdTICA DE PRIVACIDADE?<\/h3>\n<\/div>\n<\/div>\n<div class=\"elementor-element elementor-element-aa8848f elementor-widget elementor-widget-text-editor\" data-id=\"aa8848f\" data-element_type=\"widget\" data-widget_type=\"text-editor.default\">\n<div class=\"elementor-widget-container\">\n<div class=\"elementor-text-editor elementor-clearfix\">\n<p>Como a Gr\u00e9goire Lacan est\u00e1 empenhada em proteger a privacidade dos seus Utilizadores, e neste contexto, desenvolveu esta Pol\u00edtica de Privacidade para demonstrar o seu compromisso e respeito pelas regras de privacidade e prote\u00e7\u00e3o de dados pessoais. Se n\u00e3o concordar com a nossa Pol\u00edtica de Privacidade, n\u00e3o deve prosseguir com o preenchimento do formul\u00e1rio de contacto no nosso site, nem deve subscrever a nossa Newsletter. <\/p>\n<\/div>\n<\/div>\n<\/div>\n<div class=\"elementor-element elementor-element-37cf2e4 txt-left sub-title elementor-widget elementor-widget-heading\" data-id=\"37cf2e4\" data-element_type=\"widget\" data-widget_type=\"heading.default\">\n<div class=\"elementor-widget-container\">\n<h3 class=\"elementor-heading-title elementor-size-default\">O QUE EST\u00c1 ABRANGIDO POR ESTA POL\u00cdTICA DE PRIVACIDADE?<\/h3>\n<\/div>\n<\/div>\n<div class=\"elementor-element elementor-element-a3c91ef elementor-widget elementor-widget-text-editor\" data-id=\"a3c91ef\" data-element_type=\"widget\" data-widget_type=\"text-editor.default\">\n<div class=\"elementor-widget-container\">\n<div class=\"elementor-text-editor elementor-clearfix\">\n<p>A presente Pol\u00edtica de Privacidade aplica-se exclusivamente \u00e0 recolha e ao tratamento de dados pessoais efetuados pela Gr\u00e9goire Lacan no \u00e2mbito da sua atividade.<\/p>\n<\/div>\n<\/div>\n<\/div>\n<div class=\"elementor-element elementor-element-8df982f txt-left sub-title elementor-widget elementor-widget-heading\" data-id=\"8df982f\" data-element_type=\"widget\" data-widget_type=\"heading.default\">\n<div class=\"elementor-widget-container\">\n<h3 class=\"elementor-heading-title elementor-size-default\">QUE TIPO DE DADOS PESSOAIS S\u00c3O RECOLHIDOS E COMO OS RECOLHEMOS?<\/h3>\n<\/div>\n<\/div>\n<div class=\"elementor-element elementor-element-e89857a elementor-widget elementor-widget-text-editor\" data-id=\"e89857a\" data-element_type=\"widget\" data-widget_type=\"text-editor.default\">\n<div class=\"elementor-widget-container\">\n<div class=\"elementor-text-editor elementor-clearfix\">\n<p>Gr\u00e9goire Lacan recolhe dados pessoais que s\u00e3o sempre fornecidos pelo Utilizador ao preencher os respetivos formul\u00e1rios. Os dados recolhidos s\u00e3o adequados, relevantes e n\u00e3o excessivos em rela\u00e7\u00e3o ao \u00e2mbito, finalidades e servi\u00e7os espec\u00edficos, expl\u00edcitos e leg\u00edtimos de Gr\u00e9goire Lacan. Neste caso, os dados recolhidos s\u00e3o os que aparecem neste site: Nome, E-mail, N\u00famero de telefone, Website.  <\/p>\n<\/div>\n<\/div>\n<\/div>\n<div class=\"elementor-element elementor-element-cbb57e1 txt-left sub-title elementor-widget elementor-widget-heading\" data-id=\"cbb57e1\" data-element_type=\"widget\" data-widget_type=\"heading.default\">\n<div class=\"elementor-widget-container\">\n<h3 class=\"elementor-heading-title elementor-size-default\">PARA QUE S\u00c3O UTILIZADOS OS DADOS?<\/h3>\n<\/div>\n<\/div>\n<div class=\"elementor-element elementor-element-36e3627 elementor-widget elementor-widget-text-editor\" data-id=\"36e3627\" data-element_type=\"widget\" data-widget_type=\"text-editor.default\">\n<div class=\"elementor-widget-container\">\n<div class=\"elementor-text-editor elementor-clearfix\">\n<p>Os dados fornecidos pelo Utilizador ser\u00e3o utilizados pela Gr\u00e9goire Lacan para enviar mais informa\u00e7\u00f5es, por e-mail, sobre a sua forma\u00e7\u00e3o ou sobre Iniciativas e Produtos\/Servi\u00e7os da Gr\u00e9goire Lacan.<\/p>\n<\/div>\n<\/div>\n<\/div>\n<div class=\"elementor-element elementor-element-067a046 txt-left sub-title elementor-widget elementor-widget-heading\" data-id=\"067a046\" data-element_type=\"widget\" data-widget_type=\"heading.default\">\n<div class=\"elementor-widget-container\">\n<h3 class=\"elementor-heading-title elementor-size-default\">POR QUANTO TEMPO MANTEMOS ESTES DADOS?<\/h3>\n<\/div>\n<\/div>\n<div class=\"elementor-element elementor-element-e3f5250 elementor-widget elementor-widget-text-editor\" data-id=\"e3f5250\" data-element_type=\"widget\" data-widget_type=\"text-editor.default\">\n<div class=\"elementor-widget-container\">\n<div class=\"elementor-text-editor elementor-clearfix\">\n<p>Os dados ser\u00e3o mantidos at\u00e9 que o utilizador deseje elimin\u00e1-los.<\/p>\n<\/div>\n<\/div>\n<\/div>\n<div class=\"elementor-element elementor-element-a43b2e5 txt-left sub-title elementor-widget elementor-widget-heading\" data-id=\"a43b2e5\" data-element_type=\"widget\" data-widget_type=\"heading.default\">\n<div class=\"elementor-widget-container\">\n<h3 class=\"elementor-heading-title elementor-size-default\">COMO EXERCER O DIREITO DE ACESSAR, RECONHECER E CANCELAR OS DADOS?<\/h3>\n<\/div>\n<\/div>\n<div class=\"elementor-element elementor-element-dc51a91 elementor-widget elementor-widget-text-editor\" data-id=\"dc51a91\" data-element_type=\"widget\" data-widget_type=\"text-editor.default\">\n<div class=\"elementor-widget-container\">\n<div class=\"elementor-text-editor elementor-clearfix\">\n<p>O Utilizador pode exercer os seus direitos de acesso, retifica\u00e7\u00e3o e cancelamento dos seus dados pessoais. O exerc\u00edcio deste direito pode ser feito por e-mail para info@greglacan.com. <\/p>\n<\/div>\n<\/div>\n<\/div>\n<div class=\"elementor-element elementor-element-93076a7 txt-left sub-title elementor-widget elementor-widget-heading\" data-id=\"93076a7\" data-element_type=\"widget\" data-widget_type=\"heading.default\">\n<div class=\"elementor-widget-container\">\n<h3 class=\"elementor-heading-title elementor-size-default\">COMO SE OP\u00d5E A RECEBER CONTACTOS PARA FINS DE MARKETING?<\/h3>\n<\/div>\n<\/div>\n<div class=\"elementor-element elementor-element-bd9c2e9 elementor-widget elementor-widget-text-editor\" data-id=\"bd9c2e9\" data-element_type=\"widget\" data-widget_type=\"text-editor.default\">\n<div class=\"elementor-widget-container\">\n<div class=\"elementor-text-editor elementor-clearfix\">\n<p>Se n\u00e3o desejar receber estas comunica\u00e7\u00f5es, pode, a qualquer momento, opor-se \u00e0 utiliza\u00e7\u00e3o dos seus dados para fins de marketing, enviando um e-mail para info@greglacan.com.<\/p>\n<\/div>\n<\/div>\n<\/div>\n<div class=\"elementor-element elementor-element-b54a9e8 txt-left sub-title elementor-widget elementor-widget-heading\" data-id=\"b54a9e8\" data-element_type=\"widget\" data-widget_type=\"heading.default\">\n<div class=\"elementor-widget-container\">\n<h3 class=\"elementor-heading-title elementor-size-default\">COMO \u00c9 GARANTIDA A SEGURAN\u00c7A DOS SEUS DADOS PESSOAIS?<\/h3>\n<\/div>\n<\/div>\n<div class=\"elementor-element elementor-element-e9eda09 elementor-widget elementor-widget-text-editor\" data-id=\"e9eda09\" data-element_type=\"widget\" data-widget_type=\"text-editor.default\">\n<div class=\"elementor-widget-container\">\n<div class=\"elementor-text-editor elementor-clearfix\">\n<p>Os dados pessoais fornecidos pelos Utilizadores ser\u00e3o incorporados num ficheiro automatizado, em conformidade com os termos e condi\u00e7\u00f5es estabelecidos na Lei 2016\/679, de 27 de abril, acima mencionada. A Gr\u00e9goire Lacan respeita as melhores pr\u00e1ticas no dom\u00ednio da seguran\u00e7a e da prote\u00e7\u00e3o de dados pessoais e, para tal, disp\u00f5e de um sistema que garante a seguran\u00e7a, a confidencialidade dos seus dados pessoais, bem como a privacidade das comunica\u00e7\u00f5es eletr\u00f3nicas. A pol\u00edtica de seguran\u00e7a da Gr\u00e9goire Lacan para a recolha e armazenamento de dados prev\u00ea, entre outros aspetos, um elevado investimento em infraestruturas tecnol\u00f3gicas que impedem o acesso a dados pessoais por pessoas n\u00e3o autorizadas. S\u00e3o tomadas todas as medidas de seguran\u00e7a que a Gr\u00e9goire Lacan considera indispens\u00e1veis para a prote\u00e7\u00e3o dos seus dados pessoais. No entanto, a Gr\u00e9goire Lacan alerta os utilizadores para a necessidade de tomarem medidas de seguran\u00e7a adicionais, incluindo garantir que utilizam um navegador atualizado em termos de patches de seguran\u00e7a adequadamente configurados com firewall ativo, antiv\u00edrus e antispyware, e certificar-se da autenticidade dos sites que visitam na Internet, evitando sites cuja reputa\u00e7\u00e3o n\u00e3o seja de confian\u00e7a.    <\/p>\n<\/div>\n<\/div>\n<\/div>\n<div class=\"elementor-element elementor-element-df5f56b txt-left sub-title elementor-widget elementor-widget-heading\" data-id=\"df5f56b\" data-element_type=\"widget\" data-widget_type=\"heading.default\">\n<div class=\"elementor-widget-container\">\n<h3 class=\"elementor-heading-title elementor-size-default\">PROTE\u00c7\u00c3O CONTRA SPAM<\/h3>\n<\/div>\n<\/div>\n<div class=\"elementor-element elementor-element-1876cae elementor-widget elementor-widget-text-editor\" data-id=\"1876cae\" data-element_type=\"widget\" data-widget_type=\"text-editor.default\">\n<div class=\"elementor-widget-container\">\n<div class=\"elementor-text-editor elementor-clearfix\">\n<div id=\"dslc-module-1434\" class=\"dslc-module-front dslc-module-DSLC_Text_Simple dslc-in-viewport-check dslc-in-viewport-anim-none dslc-col dslc-12-col dslc-last-col dslc-module-handle-like-regular dslc-in-viewport\" data-module-id=\"1434\" data-dslc-module-id=\"DSLC_Text_Simple\" data-dslc-module-size=\"12\" data-dslc-anim=\"none\" data-dslc-anim-delay=\"0\" data-dslc-anim-duration=\"650\" data-dslc-anim-easing=\"ease\" data-dslc-preset=\"none\">\n<div class=\"dslc-text-module-content\">\n<p class=\"p1\">Spam \u00e9 o envio indiscriminado de e-mails para desconhecidos. Gr\u00e9goire Lacan garante que n\u00e3o utilizar\u00e1 os dados recolhidos neste site para qualquer outro fim que n\u00e3o seja o seu. <\/p>\n<\/div>\n<\/div>\n<\/div>\n<\/div>\n<\/div>\n\t\t\t\t\t\t\t\t<\/div>\n\t\t\t\t<\/div>\n\t\t\t\t\t<\/div>\n\t\t\t\t<\/div>\n\t\t\t\t<\/div>\n\t\t","protected":false},"excerpt":{"rendered":"<p>Se n\u00e3o concordar com a nossa Pol\u00edtica de Privacidade, n\u00e3o deve prosseguir com o preenchimento do formul\u00e1rio de contacto no nosso site, nem subscrever a nossa Newsletter. QUEM SOMOS? De acordo com o Regulamento (UE) 2016\/679 DO PARLAMENTO EUROPEU E DO CONSELHO, de 27 de abril de 2016, relativo \u00e0 prote\u00e7\u00e3o das pessoas singulares no [&hellip;]<\/p>\n","protected":false},"author":1,"featured_media":1815,"parent":0,"menu_order":0,"comment_status":"closed","ping_status":"open","template":"","meta":{"footnotes":""},"class_list":["post-2373","page","type-page","status-publish","has-post-thumbnail","hentry"],"aioseo_notices":[],"_links":{"self":[{"href":"https:\/\/greglacan.com\/pt\/wp-json\/wp\/v2\/pages\/2373","targetHints":{"allow":["GET"]}}],"collection":[{"href":"https:\/\/greglacan.com\/pt\/wp-json\/wp\/v2\/pages"}],"about":[{"href":"https:\/\/greglacan.com\/pt\/wp-json\/wp\/v2\/types\/page"}],"author":[{"embeddable":true,"href":"https:\/\/greglacan.com\/pt\/wp-json\/wp\/v2\/users\/1"}],"replies":[{"embeddable":true,"href":"https:\/\/greglacan.com\/pt\/wp-json\/wp\/v2\/comments?post=2373"}],"version-history":[{"count":3,"href":"https:\/\/greglacan.com\/pt\/wp-json\/wp\/v2\/pages\/2373\/revisions"}],"predecessor-version":[{"id":2393,"href":"https:\/\/greglacan.com\/pt\/wp-json\/wp\/v2\/pages\/2373\/revisions\/2393"}],"wp:featuredmedia":[{"embeddable":true,"href":"https:\/\/greglacan.com\/pt\/wp-json\/wp\/v2\/media\/1815"}],"wp:attachment":[{"href":"https:\/\/greglacan.com\/pt\/wp-json\/wp\/v2\/media?parent=2373"}],"curies":[{"name":"wp","href":"https:\/\/api.w.org\/{rel}","templated":true}]}}