{"id":2420,"date":"2024-08-26T15:16:36","date_gmt":"2024-08-26T15:16:36","guid":{"rendered":"https:\/\/greglacan.com\/termos-e-condicoes\/"},"modified":"2025-07-07T10:37:26","modified_gmt":"2025-07-07T10:37:26","slug":"termos-e-condicoes","status":"publish","type":"page","link":"https:\/\/greglacan.com\/pt\/termos-e-condicoes\/","title":{"rendered":"Termos e Condi\u00e7\u00f5es"},"content":{"rendered":"\t\t<div data-elementor-type=\"wp-page\" data-elementor-id=\"2420\" class=\"elementor elementor-2420 elementor-1274\" data-elementor-post-type=\"page\">\n\t\t\t\t<div class=\"elementor-element elementor-element-1b83d2fe e-flex e-con-boxed e-con e-parent\" data-id=\"1b83d2fe\" data-element_type=\"container\" data-e-type=\"container\">\n\t\t\t\t\t<div class=\"e-con-inner\">\n\t\t\t\t<div class=\"elementor-element elementor-element-932d006 elementor-widget elementor-widget-text-editor\" data-id=\"932d006\" data-element_type=\"widget\" data-e-type=\"widget\" data-widget_type=\"text-editor.default\">\n\t\t\t\t<div class=\"elementor-widget-container\">\n\t\t\t\t\t\t\t\t\t<section class=\"elementor-section elementor-top-section elementor-element elementor-element-bd2b506 elementor-section-boxed elementor-section-height-default elementor-section-height-default\" data-id=\"bd2b506\" data-element_type=\"section\"><div class=\"elementor-container elementor-column-gap-default\"><div class=\"elementor-row\"><div class=\"elementor-column elementor-col-100 elementor-top-column elementor-element elementor-element-6375d41\" data-id=\"6375d41\" data-element_type=\"column\"><div class=\"elementor-column-wrap elementor-element-populated\"><div class=\"elementor-widget-wrap\"><div class=\"elementor-element elementor-element-1f6c93d elementor-widget elementor-widget-heading\" data-id=\"1f6c93d\" data-element_type=\"widget\" data-widget_type=\"heading.default\"><div class=\"elementor-widget-container\"><section class=\"elementor-section elementor-top-section elementor-element elementor-element-bd2b506 elementor-section-boxed elementor-section-height-default elementor-section-height-default\" data-id=\"bd2b506\" data-element_type=\"section\"><div class=\"elementor-container elementor-column-gap-default\"><div class=\"elementor-row\"><div class=\"elementor-column elementor-col-100 elementor-top-column elementor-element elementor-element-6375d41\" data-id=\"6375d41\" data-element_type=\"column\"><div class=\"elementor-column-wrap elementor-element-populated\"><div class=\"elementor-widget-wrap\"><div class=\"elementor-element elementor-element-1f6c93d elementor-widget elementor-widget-heading\" data-id=\"1f6c93d\" data-element_type=\"widget\" data-widget_type=\"heading.default\"><div class=\"elementor-widget-container\"><h2 class=\"elementor-heading-title elementor-size-medium\">Se n\u00e3o concordas com os nossos Termos e Condi\u00e7\u00f5es, n\u00e3o deves continuar a preencher o formul\u00e1rio de contacto no nosso site, nem subscrever a nossa Newsletter ou os nossos servi\u00e7os.<\/h2><\/div><\/div><\/div><\/div><\/div><\/div><\/div><\/section><\/div><\/div><\/div><\/div><\/div><\/div><\/div><\/section>\t\t\t\t\t\t\t\t<\/div>\n\t\t\t\t<\/div>\n\t\t\t\t<div class=\"elementor-element elementor-element-7ebadab6 elementor-widget elementor-widget-text-editor\" data-id=\"7ebadab6\" data-element_type=\"widget\" data-e-type=\"widget\" data-widget_type=\"text-editor.default\">\n\t\t\t\t<div class=\"elementor-widget-container\">\n\t\t\t\t\t\t\t\t\t<div class=\"elementor-element elementor-element-5909985 txt-left sub-title elementor-widget elementor-widget-heading\" data-id=\"5909985\" data-element_type=\"widget\" data-widget_type=\"heading.default\"><div class=\"elementor-widget-container\"><h2>Informa\u00e7\u00e3o legal<\/h2><h3>1. Apresenta\u00e7\u00e3o do site<\/h3><p>De acordo com o artigo 6.\u00ba da Lei n.\u00ba 2004-575, de 21 de junho de 2004, relativa \u00e0 confian\u00e7a na economia digital, os utilizadores do site <a href=\"https:\/\/greglacan.com\/pt\/\">https:\/\/greglacan.com\/<\/a> s\u00e3o informados sobre a identidade das v\u00e1rias partes envolvidas na sua cria\u00e7\u00e3o e monitoriza\u00e7\u00e3o:<\/p><p><strong>Owner<\/strong>: Gr\u00e9goire Lacan \u2013 269047697 \u2013 Avenida do Forte, 8, Fra\u00e7\u00e3o O1. 2790-072 Carnaxide. Portugal  <br><strong>Autor<\/strong>: Gr\u00e9goire Lacan<br><strong>Gerente de publica\u00e7\u00e3o<\/strong>: Gr\u00e9goire Lacan \u2013 info@greglacan.com<br>O gerente de publica\u00e7\u00e3o \u00e9 uma pessoa f\u00edsica ou jur\u00eddica.<br><strong>Webmaster<\/strong>: Gr\u00e9goire Lacan \u2013 info@greglacan.com<br><strong>Alojamento<\/strong>: UniK SEO \u2013 Avenida do Forte, 8, Fra\u00e7\u00e3o O1. 2790-072 Carnaxide. Portugal  <\/p><h3>2. Condi\u00e7\u00f5es gerais de utiliza\u00e7\u00e3o do site e dos servi\u00e7os oferecidos<\/h3><p>Usar o site <a href=\"https:\/\/greglacan.com\/pt\/\">https:\/\/greglacan.com\/<\/a> significa que aceitas todas as condi\u00e7\u00f5es gerais de uso que est\u00e3o aqui. Esses termos de uso podem mudar ou ser atualizados a qualquer momento, ent\u00e3o \u00e9 uma boa ideia dar uma olhada neles de vez em quando. <\/p><p>Este site normalmente est\u00e1 sempre dispon\u00edvel para os utilizadores. Mas, a Pragmatikexpert Lda. pode decidir interromper o site para fazer manuten\u00e7\u00e3o t\u00e9cnica e vai tentar avisar os utilizadores com anteced\u00eancia sobre as datas e hor\u00e1rios da interven\u00e7\u00e3o.  <\/p><p>O site https:\/\/greglacan.com\/ \u00e9 atualizado regularmente por Gr\u00e9goire Lacan. Da mesma forma, os avisos legais podem ser alterados a qualquer momento: no entanto, eles s\u00e3o obrigat\u00f3rios para o utilizador, que \u00e9 convidado a consult\u00e1-los sempre que poss\u00edvel para se manter informado. <\/p><p> <\/p><h3>3. O que a gente faz por ti<\/h3><p>O site https:\/\/greglacan.com\/ \u00e9 para dar uma for\u00e7a com informa\u00e7\u00f5es sobre tudo que a empresa faz.<\/p><p>Gr\u00e9goire Lacan faz o poss\u00edvel para que as informa\u00e7\u00f5es no site https:\/\/greglacan.com\/ sejam o mais precisas poss\u00edvel. Mas, n\u00e3o pode ser responsabilizado por omiss\u00f5es, imprecis\u00f5es e falhas na atualiza\u00e7\u00e3o, sejam elas causadas por ele mesmo ou por parceiros terceiros que fornecem essas informa\u00e7\u00f5es. <\/p><p>Todas as informa\u00e7\u00f5es indicadas no site https:\/\/greglacan.com\/ s\u00e3o dadas a t\u00edtulo indicativo e podem ser alteradas. Al\u00e9m disso, as informa\u00e7\u00f5es no site https:\/\/greglacan.com\/ n\u00e3o s\u00e3o exaustivas. Elas s\u00e3o fornecidas sob reserva de altera\u00e7\u00f5es que possam ter sido feitas desde a sua publica\u00e7\u00e3o online.  <\/p><p> <\/p><h3>4. Limita\u00e7\u00f5es contratuais sobre dados t\u00e9cnicos<\/h3><p>O site usa tecnologia JavaScript.<\/p><p>O site n\u00e3o pode ser responsabilizado por qualquer dano material relacionado com a utiliza\u00e7\u00e3o do site. Al\u00e9m disso, o utilizador do site compromete-se a aceder ao site utilizando equipamento recente, livre de v\u00edrus e com um navegador atualizado de \u00faltima gera\u00e7\u00e3o. <\/p><p> <\/p><h3>5. Propriedade intelectual e falsifica\u00e7\u00e3o<\/h3><p>A Pragmatikexpert Lda. \u00e9 dona dos direitos de propriedade intelectual ou tem os direitos de uso de tudo o que est\u00e1 no site, incluindo textos, imagens, gr\u00e1ficos, log\u00f3tipos, \u00edcones, sons e software. <\/p><p>\u00c9 proibida qualquer reprodu\u00e7\u00e3o, representa\u00e7\u00e3o, modifica\u00e7\u00e3o, publica\u00e7\u00e3o, adapta\u00e7\u00e3o de todo ou parte dos elementos do site, independentemente dos meios ou processos utilizados, exceto com a autoriza\u00e7\u00e3o pr\u00e9via por escrito de: Gr\u00e9goire Lacan.<\/p><p>Qualquer uso n\u00e3o autorizado do site ou de qualquer elemento que ele tenha vai ser considerado uma viola\u00e7\u00e3o e vai ser processado de acordo com o que dizem os artigos L.335-2 e seguintes do C\u00f3digo da Propriedade Intelectual. <\/p><p> <\/p><h3>6. Limita\u00e7\u00f5es de responsabilidade<\/h3><p>Gr\u00e9goire Lacan n\u00e3o se responsabiliza por danos diretos ou indiretos causados ao equipamento do utilizador ao aceder ao site https:\/\/greglacan.com\/, resultantes da utiliza\u00e7\u00e3o de equipamento que n\u00e3o cumpra as especifica\u00e7\u00f5es indicadas no ponto 4, ou da ocorr\u00eancia de um bug ou incompatibilidade.<\/p><p>Gr\u00e9goire Lacan tamb\u00e9m n\u00e3o vai ser respons\u00e1vel por danos indiretos (como perda de mercado ou perda de oportunidade) que possam surgir do uso do site https:\/\/greglacan.com\/.<\/p><p>As \u00e1reas interativas (possibilidade de fazer perguntas na \u00e1rea de contacto) est\u00e3o dispon\u00edveis para os utilizadores. Gr\u00e9goire Lacan reserva-se o direito de apagar, sem aviso pr\u00e9vio, qualquer conte\u00fado publicado nesta \u00e1rea que viole a legisla\u00e7\u00e3o aplic\u00e1vel em Fran\u00e7a, em particular as disposi\u00e7\u00f5es relativas \u00e0 prote\u00e7\u00e3o de dados. Se necess\u00e1rio, Gr\u00e9goire Lacan tamb\u00e9m se reserva o direito de responsabilizar o utilizador por qualquer responsabilidade civil e\/ou criminal, especialmente no caso de mensagens de natureza racista, insultuosa, difamat\u00f3ria ou pornogr\u00e1fica, independentemente do meio utilizado (texto, fotografias, etc.).  <\/p><p> <\/p><h3>7. Como cuidamos dos teus dados pessoais<\/h3><p>Na Fran\u00e7a, os dados pessoais s\u00e3o protegidos pela Lei n.\u00ba 78-87, de 6 de janeiro de 1978, pela Lei n.\u00ba 2004-801, de 6 de agosto de 2004, pelo artigo L. 226-13 do C\u00f3digo Penal e pela Diretiva Europeia de 24 de outubro de 1995.<\/p><p>Quando usas o site https:\/\/greglacan.com\/, podem ser recolhidos os seguintes dados: o URL dos links atrav\u00e9s dos quais acedeste ao site https:\/\/greglacan.com\/, o teu provedor de acesso, o teu endere\u00e7o de protocolo de Internet (IP).<\/p><p>De qualquer forma, o Gr\u00e9goire Lacan s\u00f3 recolhe informa\u00e7\u00f5es pessoais sobre o utilizador para os servi\u00e7os oferecidos pelo site https:\/\/greglacan.com\/. O utilizador fornece essas informa\u00e7\u00f5es com conhecimento de causa, especialmente quando as introduz ele pr\u00f3prio. O utilizador do site https:\/\/greglacan.com\/ \u00e9 informado se \u00e9 ou n\u00e3o obrigado a fornecer essas informa\u00e7\u00f5es.  <\/p><p>De acordo com o que dizem os artigos 38 e seguintes da Lei 78-17 de 6 de janeiro de 1978 sobre inform\u00e1tica, ficheiros e liberdades, qualquer pessoa pode ver, corrigir ou n\u00e3o concordar com os seus dados pessoais, mandando um pedido por escrito e assinado, junto com uma c\u00f3pia do documento de identidade com a assinatura do dono do documento, dizendo para onde mandar a resposta.<\/p><p>Nenhuma informa\u00e7\u00e3o pessoal do utilizador do site https:\/\/greglacan.com\/ \u00e9 publicada sem o seu conhecimento, trocada, transferida, cedida ou vendida em qualquer meio a terceiros. S\u00f3 se a Gr\u00e9goire Lacan e os seus direitos forem comprados \u00e9 que essas informa\u00e7\u00f5es podem ser passadas para quem comprar, que vai ficar com a mesma obriga\u00e7\u00e3o de guardar e modificar os dados em rela\u00e7\u00e3o a quem usa o site https:\/\/greglacan.com\/. <\/p><p>As bases de dados s\u00e3o protegidas pelas disposi\u00e7\u00f5es da lei de 1 de julho de 1998 que transp\u00f5e a Diretiva 96\/9, de 11 de mar\u00e7o de 1996, relativa \u00e0 prote\u00e7\u00e3o jur\u00eddica das bases de dados.<\/p><h3>8. Links de hipertexto e cookies<\/h3><p>O site https:\/\/greglacan.com\/ tem v\u00e1rios links para outros sites, que foram colocados com a permiss\u00e3o do Gr\u00e9goire Lacan. Mas, o Gr\u00e9goire Lacan n\u00e3o tem como verificar o conte\u00fado desses sites e, por isso, n\u00e3o se responsabiliza por eles. <\/p><p>Navegar no site https:\/\/greglacan.com\/ pode fazer com que os cookies sejam instalados no computador do utilizador. Um cookie \u00e9 um pequeno ficheiro que n\u00e3o permite identificar o utilizador, mas que guarda informa\u00e7\u00f5es relacionadas com a navega\u00e7\u00e3o de um computador num site. Os dados assim obtidos t\u00eam como objetivo facilitar a navega\u00e7\u00e3o posterior no site e tamb\u00e9m permitir v\u00e1rias medidas de frequ\u00eancia.  <\/p><p>Se n\u00e3o aceitares a instala\u00e7\u00e3o de cookies, pode ser que n\u00e3o consigas usar alguns servi\u00e7os. Mas podes configurar o teu computador assim para n\u00e3o deixar instalar cookies: <\/p><p>No Internet Explorer: o utilizador pode configurar o seu computador da seguinte forma<\/p><p>No Internet Explorer: aba Ferramentas (\u00edcone em forma de roda dentada no canto superior direito) \/ Op\u00e7\u00f5es da Internet. Clica em Privacidade e escolhe Bloquear todos os cookies. Clica em OK para confirmar.  <\/p><p>No Firefox: l\u00e1 no topo da janela do navegador, clica no bot\u00e3o Firefox e depois vai para a aba Op\u00e7\u00f5es. Clica na aba Privacidade.<br>Define as Regras de reten\u00e7\u00e3o para: usar configura\u00e7\u00f5es personalizadas para o hist\u00f3rico. Por fim, desmarca a op\u00e7\u00e3o para desativar os cookies.  <\/p><p>No Safari: clica no \u00edcone do menu (simbolizado por uma roda dentada) no canto superior direito do navegador. Seleciona \u00abPrefer\u00eancias\u00bb. Clica em \u00abMostrar prefer\u00eancias avan\u00e7adas\u00bb. Na sec\u00e7\u00e3o \u00abPrivacidade\u00bb, clica em \u00abDefini\u00e7\u00f5es de conte\u00fado\u00bb. Na sec\u00e7\u00e3o \u00abCookies\u00bb, podes bloquear os cookies.    <\/p><p>No Chrome: clica no \u00edcone do menu (tr\u00eas linhas horizontais) no canto superior direito do navegador. Seleciona \u00abDefini\u00e7\u00f5es\u00bb. Clica em \u00abMostrar defini\u00e7\u00f5es avan\u00e7adas\u00bb. Na sec\u00e7\u00e3o \u00abPrivacidade\u00bb, clica em \u00abPrefer\u00eancias\u00bb. No separador \u00abPrivacidade\u00bb, podes bloquear os cookies.    <\/p><p> <\/p><h3>9. Lei aplic\u00e1vel e jurisdi\u00e7\u00e3o<\/h3><p>Qualquer briga sobre o uso do site https:\/\/greglacan.com\/ vai ser resolvida de acordo com a lei portuguesa. Os tribunais de Oeiras v\u00e3o ser os \u00fanicos a decidir, e s\u00f3 eles podem ser chamados. <\/p><p>Todas as discuss\u00f5es sobre o uso do site s\u00e3o regidas pela lei portuguesa.<\/p><h3>10. As principais leis relacionadas<\/h3><p>Lei n.\u00ba 78-17, de 6 de janeiro de 1978, em especial com as altera\u00e7\u00f5es introduzidas pela lei n.\u00ba 2004-801, de 6 de agosto de 2004, relativa \u00e0 inform\u00e1tica, aos ficheiros e \u00e0s liberdades.<\/p><p>Lei n.\u00ba 2004-575, de 21 de junho de 2004, sobre a confian\u00e7a na economia digital.<\/p><h3>11. L\u00e9xico<\/h3><p>Utilizador: Algu\u00e9m que est\u00e1 a usar a Internet e a entrar no site que fal\u00e1mos acima.<\/p><p>Dados pessoais: \u00abinforma\u00e7\u00e3o que permite, de qualquer forma, direta ou indiretamente, identificar as pessoas a quem se refere\u00bb (artigo 4.\u00ba da lei n.\u00ba 78-17, de 6 de janeiro de 1978).<\/p><\/div><\/div>\t\t\t\t\t\t\t\t<\/div>\n\t\t\t\t<\/div>\n\t\t\t\t\t<\/div>\n\t\t\t\t<\/div>\n\t\t\t\t<\/div>\n\t\t","protected":false},"excerpt":{"rendered":"<p>Se n\u00e3o concordas com os nossos Termos e Condi\u00e7\u00f5es, n\u00e3o deves continuar a preencher o formul\u00e1rio de contacto no nosso site, nem subscrever a nossa Newsletter ou os nossos servi\u00e7os. Informa\u00e7\u00e3o legal 1. Apresenta\u00e7\u00e3o do site De acordo com o artigo 6.\u00ba da Lei n.\u00ba 2004-575, de 21 de junho de 2004, relativa \u00e0 confian\u00e7a [&hellip;]<\/p>\n","protected":false},"author":1,"featured_media":1815,"parent":0,"menu_order":0,"comment_status":"closed","ping_status":"closed","template":"","meta":{"footnotes":""},"class_list":["post-2420","page","type-page","status-publish","has-post-thumbnail","hentry"],"aioseo_notices":[],"_links":{"self":[{"href":"https:\/\/greglacan.com\/pt\/wp-json\/wp\/v2\/pages\/2420","targetHints":{"allow":["GET"]}}],"collection":[{"href":"https:\/\/greglacan.com\/pt\/wp-json\/wp\/v2\/pages"}],"about":[{"href":"https:\/\/greglacan.com\/pt\/wp-json\/wp\/v2\/types\/page"}],"author":[{"embeddable":true,"href":"https:\/\/greglacan.com\/pt\/wp-json\/wp\/v2\/users\/1"}],"replies":[{"embeddable":true,"href":"https:\/\/greglacan.com\/pt\/wp-json\/wp\/v2\/comments?post=2420"}],"version-history":[{"count":1,"href":"https:\/\/greglacan.com\/pt\/wp-json\/wp\/v2\/pages\/2420\/revisions"}],"predecessor-version":[{"id":2423,"href":"https:\/\/greglacan.com\/pt\/wp-json\/wp\/v2\/pages\/2420\/revisions\/2423"}],"wp:featuredmedia":[{"embeddable":true,"href":"https:\/\/greglacan.com\/pt\/wp-json\/wp\/v2\/media\/1815"}],"wp:attachment":[{"href":"https:\/\/greglacan.com\/pt\/wp-json\/wp\/v2\/media?parent=2420"}],"curies":[{"name":"wp","href":"https:\/\/api.w.org\/{rel}","templated":true}]}}