{"id":2424,"date":"2024-12-10T15:35:55","date_gmt":"2024-12-10T15:35:55","guid":{"rendered":"https:\/\/greglacan.com\/insights-2\/"},"modified":"2026-03-20T10:47:59","modified_gmt":"2026-03-20T10:47:59","slug":"insights-2","status":"publish","type":"page","link":"https:\/\/greglacan.com\/pt\/insights-2\/","title":{"rendered":"SEO Insights"},"content":{"rendered":"\t\t<div data-elementor-type=\"wp-page\" data-elementor-id=\"2424\" class=\"elementor elementor-2424 elementor-1972\" data-elementor-post-type=\"page\">\n\t\t\t\t<div class=\"elementor-element elementor-element-1f275db0 e-con-full e-flex e-con e-parent\" data-id=\"1f275db0\" data-element_type=\"container\" data-e-type=\"container\" data-settings=\"{&quot;background_background&quot;:&quot;classic&quot;}\">\n\t\t\t\t<div class=\"elementor-element elementor-element-77c801dc elementor-widget elementor-widget-heading\" data-id=\"77c801dc\" data-element_type=\"widget\" data-e-type=\"widget\" data-widget_type=\"heading.default\">\n\t\t\t\t<div class=\"elementor-widget-container\">\n\t\t\t\t\t<h1 class=\"elementor-heading-title elementor-size-default\">SEO Insights<\/h1>\t\t\t\t<\/div>\n\t\t\t\t<\/div>\n\t\t\t\t<div class=\"elementor-element elementor-element-71cf0028 elementor-widget elementor-widget-text-editor\" data-id=\"71cf0028\" data-element_type=\"widget\" data-e-type=\"widget\" data-widget_type=\"text-editor.default\">\n\t\t\t\t<div class=\"elementor-widget-container\">\n\t\t\t\t\t\t\t\t\t<p class=\"font-claude-response-body break-words whitespace-normal leading-[1.7]\" style=\"text-align: center;\">Mant\u00e9m-te a par das \u00faltimas novidades com dicas pr\u00e1ticas, atualiza\u00e7\u00f5es do setor e opini\u00f5es sinceras sobre SEO, IA e marketing digital em geral.<\/p><p class=\"font-claude-response-body break-words whitespace-normal leading-[1.7]\" style=\"text-align: center;\">Sem rodeios! S\u00f3 as dicas que realmente uso com os meus clientes, diretamente da pr\u00e1tica. <\/p>\t\t\t\t\t\t\t\t<\/div>\n\t\t\t\t<\/div>\n\t\t\t\t<\/div>\n\t\t<div class=\"elementor-element elementor-element-5a899f4d e-flex e-con-boxed e-con e-parent\" data-id=\"5a899f4d\" data-element_type=\"container\" data-e-type=\"container\">\n\t\t\t\t\t<div class=\"e-con-inner\">\n\t\t\t\t<div class=\"elementor-element elementor-element-33be2c20 elementor-grid-tablet-1 elementor-grid-2 elementor-grid-mobile-1 elementor-posts--thumbnail-top elementor-widget elementor-widget-posts\" data-id=\"33be2c20\" data-element_type=\"widget\" data-e-type=\"widget\" data-settings=\"{&quot;classic_row_gap_mobile&quot;:{&quot;unit&quot;:&quot;px&quot;,&quot;size&quot;:52,&quot;sizes&quot;:[]},&quot;classic_columns_tablet&quot;:&quot;1&quot;,&quot;classic_columns&quot;:&quot;2&quot;,&quot;classic_row_gap&quot;:{&quot;unit&quot;:&quot;px&quot;,&quot;size&quot;:22,&quot;sizes&quot;:[]},&quot;classic_columns_mobile&quot;:&quot;1&quot;,&quot;classic_row_gap_tablet&quot;:{&quot;unit&quot;:&quot;px&quot;,&quot;size&quot;:&quot;&quot;,&quot;sizes&quot;:[]}}\" data-widget_type=\"posts.classic\">\n\t\t\t\t<div class=\"elementor-widget-container\">\n\t\t\t\t\t\t\t<div class=\"elementor-posts-container elementor-posts elementor-posts--skin-classic elementor-grid\" role=\"list\">\n\t\t\t\t<article class=\"elementor-post elementor-grid-item post-2563 post type-post status-publish format-standard has-post-thumbnail hentry category-lideranca\" role=\"listitem\">\n\t\t\t\t<a class=\"elementor-post__thumbnail__link\" href=\"https:\/\/greglacan.com\/pt\/como-a-ia-influencia-os-sistemas-de-classificacao-e-rastreamento-do-google\/\" tabindex=\"-1\" >\n\t\t\t<div class=\"elementor-post__thumbnail\"><img fetchpriority=\"high\" decoding=\"async\" width=\"768\" height=\"512\" src=\"https:\/\/greglacan.com\/wp-content\/uploads\/2026\/03\/how-machine-learning-shapes-google-ranking-768x512.jpg\" class=\"attachment-medium_large size-medium_large wp-image-2562\" alt=\"Como a IA influencia o ranking do Google\" srcset=\"https:\/\/greglacan.com\/wp-content\/uploads\/2026\/03\/how-machine-learning-shapes-google-ranking-768x512.jpg 768w, https:\/\/greglacan.com\/wp-content\/uploads\/2026\/03\/how-machine-learning-shapes-google-ranking-770x512.jpg 770w, https:\/\/greglacan.com\/wp-content\/uploads\/2026\/03\/how-machine-learning-shapes-google-ranking-1170x780.jpg 1170w, https:\/\/greglacan.com\/wp-content\/uploads\/2026\/03\/how-machine-learning-shapes-google-ranking.jpg 1536w\" sizes=\"(max-width: 768px) 100vw, 768px\" \/><\/div>\n\t\t<\/a>\n\t\t\t\t<div class=\"elementor-post__text\">\n\t\t\t\t<h2 class=\"elementor-post__title\">\n\t\t\t<a href=\"https:\/\/greglacan.com\/pt\/como-a-ia-influencia-os-sistemas-de-classificacao-e-rastreamento-do-google\/\" >\n\t\t\t\tComo a IA influencia os sistemas de classifica\u00e7\u00e3o e rastreamento do Google\t\t\t<\/a>\n\t\t<\/h2>\n\t\t\t\t<div class=\"elementor-post__meta-data\">\n\t\t\t\t\t<span class=\"elementor-post-author\">\n\t\t\tGreg Lacan\t\t<\/span>\n\t\t\t\t<span class=\"elementor-post-date\">\n\t\t\t23\/03\/2026\t\t<\/span>\n\t\t\t\t<\/div>\n\t\t\n\t\t<a class=\"elementor-post__read-more\" href=\"https:\/\/greglacan.com\/pt\/como-a-ia-influencia-os-sistemas-de-classificacao-e-rastreamento-do-google\/\" aria-label=\"Read more about Como a IA influencia os sistemas de classifica\u00e7\u00e3o e rastreamento do Google\" tabindex=\"-1\" >\n\t\t\tLer mais &gt;\t\t<\/a>\n\n\t\t\t\t<\/div>\n\t\t\t\t<\/article>\n\t\t\t\t<article class=\"elementor-post elementor-grid-item post-2557 post type-post status-publish format-standard has-post-thumbnail hentry category-lideranca\" role=\"listitem\">\n\t\t\t\t<a class=\"elementor-post__thumbnail__link\" href=\"https:\/\/greglacan.com\/pt\/como-se-mede-o-impacto-do-seo\/\" tabindex=\"-1\" >\n\t\t\t<div class=\"elementor-post__thumbnail\"><img decoding=\"async\" width=\"768\" height=\"512\" src=\"https:\/\/greglacan.com\/wp-content\/uploads\/2026\/03\/How-Can-You-Measure-the-Impact-of-SEO-768x512.jpg\" class=\"attachment-medium_large size-medium_large wp-image-2556\" alt=\"Como medir o impacto do SEO\" srcset=\"https:\/\/greglacan.com\/wp-content\/uploads\/2026\/03\/How-Can-You-Measure-the-Impact-of-SEO-768x512.jpg 768w, https:\/\/greglacan.com\/wp-content\/uploads\/2026\/03\/How-Can-You-Measure-the-Impact-of-SEO-770x512.jpg 770w, https:\/\/greglacan.com\/wp-content\/uploads\/2026\/03\/How-Can-You-Measure-the-Impact-of-SEO-1170x780.jpg 1170w, https:\/\/greglacan.com\/wp-content\/uploads\/2026\/03\/How-Can-You-Measure-the-Impact-of-SEO.jpg 1432w\" sizes=\"(max-width: 768px) 100vw, 768px\" \/><\/div>\n\t\t<\/a>\n\t\t\t\t<div class=\"elementor-post__text\">\n\t\t\t\t<h2 class=\"elementor-post__title\">\n\t\t\t<a href=\"https:\/\/greglacan.com\/pt\/como-se-mede-o-impacto-do-seo\/\" >\n\t\t\t\tComo se mede o impacto do SEO?\t\t\t<\/a>\n\t\t<\/h2>\n\t\t\t\t<div class=\"elementor-post__meta-data\">\n\t\t\t\t\t<span class=\"elementor-post-author\">\n\t\t\tGreg Lacan\t\t<\/span>\n\t\t\t\t<span class=\"elementor-post-date\">\n\t\t\t19\/03\/2026\t\t<\/span>\n\t\t\t\t<\/div>\n\t\t\n\t\t<a class=\"elementor-post__read-more\" href=\"https:\/\/greglacan.com\/pt\/como-se-mede-o-impacto-do-seo\/\" aria-label=\"Read more about Como se mede o impacto do SEO?\" tabindex=\"-1\" >\n\t\t\tLer mais &gt;\t\t<\/a>\n\n\t\t\t\t<\/div>\n\t\t\t\t<\/article>\n\t\t\t\t<\/div>\n\t\t\n\t\t\t\t\t\t<\/div>\n\t\t\t\t<\/div>\n\t\t\t\t<div class=\"elementor-element elementor-element-00870ff elementor-grid-tablet-1 elementor-grid-3 elementor-grid-mobile-1 elementor-posts--thumbnail-top load-more-align-center elementor-widget elementor-widget-posts\" data-id=\"00870ff\" data-element_type=\"widget\" data-e-type=\"widget\" data-settings=\"{&quot;classic_row_gap_mobile&quot;:{&quot;unit&quot;:&quot;px&quot;,&quot;size&quot;:52,&quot;sizes&quot;:[]},&quot;pagination_type&quot;:&quot;load_more_on_click&quot;,&quot;classic_columns_tablet&quot;:&quot;1&quot;,&quot;classic_row_gap&quot;:{&quot;unit&quot;:&quot;px&quot;,&quot;size&quot;:32,&quot;sizes&quot;:[]},&quot;classic_columns&quot;:&quot;3&quot;,&quot;classic_columns_mobile&quot;:&quot;1&quot;,&quot;classic_row_gap_tablet&quot;:{&quot;unit&quot;:&quot;px&quot;,&quot;size&quot;:&quot;&quot;,&quot;sizes&quot;:[]},&quot;load_more_spinner&quot;:{&quot;value&quot;:&quot;fas fa-spinner&quot;,&quot;library&quot;:&quot;fa-solid&quot;}}\" data-widget_type=\"posts.classic\">\n\t\t\t\t<div class=\"elementor-widget-container\">\n\t\t\t\t\t\t\t<div class=\"elementor-posts-container elementor-posts elementor-posts--skin-classic elementor-grid\" role=\"list\">\n\t\t\t\t<article class=\"elementor-post elementor-grid-item post-2541 post type-post status-publish format-standard has-post-thumbnail hentry category-lideranca\" role=\"listitem\">\n\t\t\t\t<a class=\"elementor-post__thumbnail__link\" href=\"https:\/\/greglacan.com\/pt\/o-que-e-seo-em-marca-branca\/\" tabindex=\"-1\" >\n\t\t\t<div class=\"elementor-post__thumbnail\"><img decoding=\"async\" width=\"768\" height=\"512\" src=\"https:\/\/greglacan.com\/wp-content\/uploads\/2026\/03\/What-Is-White-Label-SEO-768x512.jpg\" class=\"attachment-medium_large size-medium_large wp-image-2540\" alt=\"O que \u00e9 o SEO de marca branca?\" srcset=\"https:\/\/greglacan.com\/wp-content\/uploads\/2026\/03\/What-Is-White-Label-SEO-768x512.jpg 768w, https:\/\/greglacan.com\/wp-content\/uploads\/2026\/03\/What-Is-White-Label-SEO-770x512.jpg 770w, https:\/\/greglacan.com\/wp-content\/uploads\/2026\/03\/What-Is-White-Label-SEO-1170x780.jpg 1170w, https:\/\/greglacan.com\/wp-content\/uploads\/2026\/03\/What-Is-White-Label-SEO.jpg 1536w\" sizes=\"(max-width: 768px) 100vw, 768px\" \/><\/div>\n\t\t<\/a>\n\t\t\t\t<div class=\"elementor-post__text\">\n\t\t\t\t<h2 class=\"elementor-post__title\">\n\t\t\t<a href=\"https:\/\/greglacan.com\/pt\/o-que-e-seo-em-marca-branca\/\" >\n\t\t\t\tO que \u00e9 SEO em marca branca?\t\t\t<\/a>\n\t\t<\/h2>\n\t\t\t\t<div class=\"elementor-post__meta-data\">\n\t\t\t\t\t<span class=\"elementor-post-author\">\n\t\t\tGreg Lacan\t\t<\/span>\n\t\t\t\t<span class=\"elementor-post-date\">\n\t\t\t12\/03\/2026\t\t<\/span>\n\t\t\t\t<\/div>\n\t\t\t\t\t<div class=\"elementor-post__read-more-wrapper\">\n\t\t\n\t\t<a class=\"elementor-post__read-more\" href=\"https:\/\/greglacan.com\/pt\/o-que-e-seo-em-marca-branca\/\" aria-label=\"Read more about O que \u00e9 SEO em marca branca?\" tabindex=\"-1\" >\n\t\t\tLer mais &gt;\t\t<\/a>\n\n\t\t\t\t\t<\/div>\n\t\t\t\t<\/div>\n\t\t\t\t<\/article>\n\t\t\t\t<article class=\"elementor-post elementor-grid-item post-2529 post type-post status-publish format-standard has-post-thumbnail hentry category-lideranca\" role=\"listitem\">\n\t\t\t\t<a class=\"elementor-post__thumbnail__link\" href=\"https:\/\/greglacan.com\/pt\/quanto-tempo-o-seo-leva-para-funcionar\/\" tabindex=\"-1\" >\n\t\t\t<div class=\"elementor-post__thumbnail\"><img loading=\"lazy\" decoding=\"async\" width=\"768\" height=\"499\" src=\"https:\/\/greglacan.com\/wp-content\/uploads\/2025\/12\/How-Long-Does-It-Take-for-SEO-to-Work_-768x499.jpg\" class=\"attachment-medium_large size-medium_large wp-image-2525\" alt=\"Quanto tempo o SEO leva pra funcionar?\" srcset=\"https:\/\/greglacan.com\/wp-content\/uploads\/2025\/12\/How-Long-Does-It-Take-for-SEO-to-Work_-768x499.jpg 768w, https:\/\/greglacan.com\/wp-content\/uploads\/2025\/12\/How-Long-Does-It-Take-for-SEO-to-Work_.jpg 1300w\" sizes=\"(max-width: 768px) 100vw, 768px\" \/><\/div>\n\t\t<\/a>\n\t\t\t\t<div class=\"elementor-post__text\">\n\t\t\t\t<h2 class=\"elementor-post__title\">\n\t\t\t<a href=\"https:\/\/greglacan.com\/pt\/quanto-tempo-o-seo-leva-para-funcionar\/\" >\n\t\t\t\tQuanto tempo o SEO leva para funcionar?\t\t\t<\/a>\n\t\t<\/h2>\n\t\t\t\t<div class=\"elementor-post__meta-data\">\n\t\t\t\t\t<span class=\"elementor-post-author\">\n\t\t\tGreg Lacan\t\t<\/span>\n\t\t\t\t<span class=\"elementor-post-date\">\n\t\t\t03\/02\/2026\t\t<\/span>\n\t\t\t\t<\/div>\n\t\t\t\t\t<div class=\"elementor-post__read-more-wrapper\">\n\t\t\n\t\t<a class=\"elementor-post__read-more\" href=\"https:\/\/greglacan.com\/pt\/quanto-tempo-o-seo-leva-para-funcionar\/\" aria-label=\"Read more about Quanto tempo o SEO leva para funcionar?\" tabindex=\"-1\" >\n\t\t\tLer mais &gt;\t\t<\/a>\n\n\t\t\t\t\t<\/div>\n\t\t\t\t<\/div>\n\t\t\t\t<\/article>\n\t\t\t\t<article class=\"elementor-post elementor-grid-item post-2459 post type-post status-publish format-standard has-post-thumbnail hentry category-uncategorized\" role=\"listitem\">\n\t\t\t\t<a class=\"elementor-post__thumbnail__link\" href=\"https:\/\/greglacan.com\/pt\/metodos-comprovados-para-gerir-uma-equipa-remota\/\" tabindex=\"-1\" >\n\t\t\t<div class=\"elementor-post__thumbnail\"><img loading=\"lazy\" decoding=\"async\" width=\"768\" height=\"499\" src=\"https:\/\/greglacan.com\/wp-content\/uploads\/2025\/02\/Proven-Methods-For-Managing-A-Remote-Team-768x499.jpg\" class=\"attachment-medium_large size-medium_large wp-image-2522\" alt=\"Proven Methods For Managing A Remote Team\" srcset=\"https:\/\/greglacan.com\/wp-content\/uploads\/2025\/02\/Proven-Methods-For-Managing-A-Remote-Team-768x499.jpg 768w, https:\/\/greglacan.com\/wp-content\/uploads\/2025\/02\/Proven-Methods-For-Managing-A-Remote-Team.jpg 1300w\" sizes=\"(max-width: 768px) 100vw, 768px\" \/><\/div>\n\t\t<\/a>\n\t\t\t\t<div class=\"elementor-post__text\">\n\t\t\t\t<h2 class=\"elementor-post__title\">\n\t\t\t<a href=\"https:\/\/greglacan.com\/pt\/metodos-comprovados-para-gerir-uma-equipa-remota\/\" >\n\t\t\t\tM\u00e9todos comprovados para gerir uma equipa remota\t\t\t<\/a>\n\t\t<\/h2>\n\t\t\t\t<div class=\"elementor-post__meta-data\">\n\t\t\t\t\t<span class=\"elementor-post-author\">\n\t\t\tGreg Lacan\t\t<\/span>\n\t\t\t\t<span class=\"elementor-post-date\">\n\t\t\t22\/02\/2025\t\t<\/span>\n\t\t\t\t<\/div>\n\t\t\t\t\t<div class=\"elementor-post__read-more-wrapper\">\n\t\t\n\t\t<a class=\"elementor-post__read-more\" href=\"https:\/\/greglacan.com\/pt\/metodos-comprovados-para-gerir-uma-equipa-remota\/\" aria-label=\"Read more about M\u00e9todos comprovados para gerir uma equipa remota\" tabindex=\"-1\" >\n\t\t\tLer mais &gt;\t\t<\/a>\n\n\t\t\t\t\t<\/div>\n\t\t\t\t<\/div>\n\t\t\t\t<\/article>\n\t\t\t\t<article class=\"elementor-post elementor-grid-item post-2456 post type-post status-publish format-standard has-post-thumbnail hentry category-uncategorized\" role=\"listitem\">\n\t\t\t\t<a class=\"elementor-post__thumbnail__link\" href=\"https:\/\/greglacan.com\/pt\/o-papel-da-ia-no-seo-como-a-aprendizagem-automatica-esta-a-mudar-a-pesquisa\/\" tabindex=\"-1\" >\n\t\t\t<div class=\"elementor-post__thumbnail\"><img loading=\"lazy\" decoding=\"async\" width=\"768\" height=\"499\" src=\"https:\/\/greglacan.com\/wp-content\/uploads\/2025\/02\/The-Role-of-AI-in-SEO-768x499.jpg\" class=\"attachment-medium_large size-medium_large wp-image-2520\" alt=\"The Role of AI in SEO\" srcset=\"https:\/\/greglacan.com\/wp-content\/uploads\/2025\/02\/The-Role-of-AI-in-SEO-768x499.jpg 768w, https:\/\/greglacan.com\/wp-content\/uploads\/2025\/02\/The-Role-of-AI-in-SEO.jpg 1300w\" sizes=\"(max-width: 768px) 100vw, 768px\" \/><\/div>\n\t\t<\/a>\n\t\t\t\t<div class=\"elementor-post__text\">\n\t\t\t\t<h2 class=\"elementor-post__title\">\n\t\t\t<a href=\"https:\/\/greglacan.com\/pt\/o-papel-da-ia-no-seo-como-a-aprendizagem-automatica-esta-a-mudar-a-pesquisa\/\" >\n\t\t\t\tO papel da IA no SEO: como a aprendizagem autom\u00e1tica est\u00e1 a mudar a pesquisa\t\t\t<\/a>\n\t\t<\/h2>\n\t\t\t\t<div class=\"elementor-post__meta-data\">\n\t\t\t\t\t<span class=\"elementor-post-author\">\n\t\t\tGreg Lacan\t\t<\/span>\n\t\t\t\t<span class=\"elementor-post-date\">\n\t\t\t05\/02\/2025\t\t<\/span>\n\t\t\t\t<\/div>\n\t\t\t\t\t<div class=\"elementor-post__read-more-wrapper\">\n\t\t\n\t\t<a class=\"elementor-post__read-more\" href=\"https:\/\/greglacan.com\/pt\/o-papel-da-ia-no-seo-como-a-aprendizagem-automatica-esta-a-mudar-a-pesquisa\/\" aria-label=\"Read more about O papel da IA no SEO: como a aprendizagem autom\u00e1tica est\u00e1 a mudar a pesquisa\" tabindex=\"-1\" >\n\t\t\tLer mais &gt;\t\t<\/a>\n\n\t\t\t\t\t<\/div>\n\t\t\t\t<\/div>\n\t\t\t\t<\/article>\n\t\t\t\t<article class=\"elementor-post elementor-grid-item post-2453 post type-post status-publish format-standard has-post-thumbnail hentry category-uncategorized\" role=\"listitem\">\n\t\t\t\t<a class=\"elementor-post__thumbnail__link\" href=\"https:\/\/greglacan.com\/pt\/o-guia-definitivo-para-seo-em-2025-tendencias-estrategias-e-melhores-praticas\/\" tabindex=\"-1\" >\n\t\t\t<div class=\"elementor-post__thumbnail\"><img loading=\"lazy\" decoding=\"async\" width=\"768\" height=\"499\" src=\"https:\/\/greglacan.com\/wp-content\/uploads\/2025\/01\/The-Ultimate-Guide-to-SEO-in-2025-768x499.jpg\" class=\"attachment-medium_large size-medium_large wp-image-2518\" alt=\"The Ultimate Guide to SEO\" srcset=\"https:\/\/greglacan.com\/wp-content\/uploads\/2025\/01\/The-Ultimate-Guide-to-SEO-in-2025-768x499.jpg 768w, https:\/\/greglacan.com\/wp-content\/uploads\/2025\/01\/The-Ultimate-Guide-to-SEO-in-2025.jpg 1300w\" sizes=\"(max-width: 768px) 100vw, 768px\" \/><\/div>\n\t\t<\/a>\n\t\t\t\t<div class=\"elementor-post__text\">\n\t\t\t\t<h2 class=\"elementor-post__title\">\n\t\t\t<a href=\"https:\/\/greglacan.com\/pt\/o-guia-definitivo-para-seo-em-2025-tendencias-estrategias-e-melhores-praticas\/\" >\n\t\t\t\tO guia definitivo para SEO em 2025: tend\u00eancias, estrat\u00e9gias e melhores pr\u00e1ticas\t\t\t<\/a>\n\t\t<\/h2>\n\t\t\t\t<div class=\"elementor-post__meta-data\">\n\t\t\t\t\t<span class=\"elementor-post-author\">\n\t\t\tGreg Lacan\t\t<\/span>\n\t\t\t\t<span class=\"elementor-post-date\">\n\t\t\t10\/01\/2025\t\t<\/span>\n\t\t\t\t<\/div>\n\t\t\t\t\t<div class=\"elementor-post__read-more-wrapper\">\n\t\t\n\t\t<a class=\"elementor-post__read-more\" href=\"https:\/\/greglacan.com\/pt\/o-guia-definitivo-para-seo-em-2025-tendencias-estrategias-e-melhores-praticas\/\" aria-label=\"Read more about O guia definitivo para SEO em 2025: tend\u00eancias, estrat\u00e9gias e melhores pr\u00e1ticas\" tabindex=\"-1\" >\n\t\t\tLer mais &gt;\t\t<\/a>\n\n\t\t\t\t\t<\/div>\n\t\t\t\t<\/div>\n\t\t\t\t<\/article>\n\t\t\t\t<article class=\"elementor-post elementor-grid-item post-2461 post type-post status-publish format-standard has-post-thumbnail hentry category-uncategorized\" role=\"listitem\">\n\t\t\t\t<a class=\"elementor-post__thumbnail__link\" href=\"https:\/\/greglacan.com\/pt\/erros-comuns-de-seo-que-estao-a-prejudicar-as-tuas-classificacoes-e-como-corrigi-los\/\" tabindex=\"-1\" >\n\t\t\t<div class=\"elementor-post__thumbnail\"><img loading=\"lazy\" decoding=\"async\" width=\"768\" height=\"499\" src=\"https:\/\/greglacan.com\/wp-content\/uploads\/2025\/01\/Common-SEO-Mistakes-That-Are-Killing-Your-Rankings--768x499.jpg\" class=\"attachment-medium_large size-medium_large wp-image-2516\" alt=\"Common SEO Mistakes That Are Killing Your Rankings\" srcset=\"https:\/\/greglacan.com\/wp-content\/uploads\/2025\/01\/Common-SEO-Mistakes-That-Are-Killing-Your-Rankings--768x499.jpg 768w, https:\/\/greglacan.com\/wp-content\/uploads\/2025\/01\/Common-SEO-Mistakes-That-Are-Killing-Your-Rankings-.jpg 1300w\" sizes=\"(max-width: 768px) 100vw, 768px\" \/><\/div>\n\t\t<\/a>\n\t\t\t\t<div class=\"elementor-post__text\">\n\t\t\t\t<h2 class=\"elementor-post__title\">\n\t\t\t<a href=\"https:\/\/greglacan.com\/pt\/erros-comuns-de-seo-que-estao-a-prejudicar-as-tuas-classificacoes-e-como-corrigi-los\/\" >\n\t\t\t\tErros comuns de SEO que est\u00e3o a prejudicar as tuas classifica\u00e7\u00f5es (e como corrigi-los)\t\t\t<\/a>\n\t\t<\/h2>\n\t\t\t\t<div class=\"elementor-post__meta-data\">\n\t\t\t\t\t<span class=\"elementor-post-author\">\n\t\t\tGreg Lacan\t\t<\/span>\n\t\t\t\t<span class=\"elementor-post-date\">\n\t\t\t03\/01\/2025\t\t<\/span>\n\t\t\t\t<\/div>\n\t\t\t\t\t<div class=\"elementor-post__read-more-wrapper\">\n\t\t\n\t\t<a class=\"elementor-post__read-more\" href=\"https:\/\/greglacan.com\/pt\/erros-comuns-de-seo-que-estao-a-prejudicar-as-tuas-classificacoes-e-como-corrigi-los\/\" aria-label=\"Read more about Erros comuns de SEO que est\u00e3o a prejudicar as tuas classifica\u00e7\u00f5es (e como corrigi-los)\" tabindex=\"-1\" >\n\t\t\tLer mais &gt;\t\t<\/a>\n\n\t\t\t\t\t<\/div>\n\t\t\t\t<\/div>\n\t\t\t\t<\/article>\n\t\t\t\t<article class=\"elementor-post elementor-grid-item post-2450 post type-post status-publish format-standard has-post-thumbnail hentry category-uncategorized\" role=\"listitem\">\n\t\t\t\t<a class=\"elementor-post__thumbnail__link\" href=\"https:\/\/greglacan.com\/pt\/a-importancia-de-fazer-pesquisa-de-mercado\/\" tabindex=\"-1\" >\n\t\t\t<div class=\"elementor-post__thumbnail\"><img loading=\"lazy\" decoding=\"async\" width=\"768\" height=\"499\" src=\"https:\/\/greglacan.com\/wp-content\/uploads\/2024\/12\/The-Importance-of-Performing-Market-Research-768x499.jpg\" class=\"attachment-medium_large size-medium_large wp-image-2514\" alt=\"The Importance of Performing Market Research\" srcset=\"https:\/\/greglacan.com\/wp-content\/uploads\/2024\/12\/The-Importance-of-Performing-Market-Research-768x499.jpg 768w, https:\/\/greglacan.com\/wp-content\/uploads\/2024\/12\/The-Importance-of-Performing-Market-Research.jpg 1300w\" sizes=\"(max-width: 768px) 100vw, 768px\" \/><\/div>\n\t\t<\/a>\n\t\t\t\t<div class=\"elementor-post__text\">\n\t\t\t\t<h2 class=\"elementor-post__title\">\n\t\t\t<a href=\"https:\/\/greglacan.com\/pt\/a-importancia-de-fazer-pesquisa-de-mercado\/\" >\n\t\t\t\tA import\u00e2ncia de fazer pesquisa de mercado\t\t\t<\/a>\n\t\t<\/h2>\n\t\t\t\t<div class=\"elementor-post__meta-data\">\n\t\t\t\t\t<span class=\"elementor-post-author\">\n\t\t\tGreg Lacan\t\t<\/span>\n\t\t\t\t<span class=\"elementor-post-date\">\n\t\t\t23\/12\/2024\t\t<\/span>\n\t\t\t\t<\/div>\n\t\t\t\t\t<div class=\"elementor-post__read-more-wrapper\">\n\t\t\n\t\t<a class=\"elementor-post__read-more\" href=\"https:\/\/greglacan.com\/pt\/a-importancia-de-fazer-pesquisa-de-mercado\/\" aria-label=\"Read more about A import\u00e2ncia de fazer pesquisa de mercado\" tabindex=\"-1\" >\n\t\t\tLer mais &gt;\t\t<\/a>\n\n\t\t\t\t\t<\/div>\n\t\t\t\t<\/div>\n\t\t\t\t<\/article>\n\t\t\t\t<\/div>\n\t\t\t\t\t<span class=\"e-load-more-spinner\">\n\t\t\t\t<svg aria-hidden=\"true\" class=\"e-font-icon-svg e-fas-spinner\" viewBox=\"0 0 512 512\" xmlns=\"http:\/\/www.w3.org\/2000\/svg\"><path d=\"M304 48c0 26.51-21.49 48-48 48s-48-21.49-48-48 21.49-48 48-48 48 21.49 48 48zm-48 368c-26.51 0-48 21.49-48 48s21.49 48 48 48 48-21.49 48-48-21.49-48-48-48zm208-208c-26.51 0-48 21.49-48 48s21.49 48 48 48 48-21.49 48-48-21.49-48-48-48zM96 256c0-26.51-21.49-48-48-48S0 229.49 0 256s21.49 48 48 48 48-21.49 48-48zm12.922 99.078c-26.51 0-48 21.49-48 48s21.49 48 48 48 48-21.49 48-48c0-26.509-21.491-48-48-48zm294.156 0c-26.51 0-48 21.49-48 48s21.49 48 48 48 48-21.49 48-48c0-26.509-21.49-48-48-48zM108.922 60.922c-26.51 0-48 21.49-48 48s21.49 48 48 48 48-21.49 48-48-21.491-48-48-48z\"><\/path><\/svg>\t\t\t<\/span>\n\t\t\n\t\t\t\t\t\t<\/div>\n\t\t\t\t<\/div>\n\t\t\t\t\t<\/div>\n\t\t\t\t<\/div>\n\t\t\t\t<\/div>\n\t\t","protected":false},"excerpt":{"rendered":"<p>SEO Insights Mant\u00e9m-te a par das \u00faltimas novidades com dicas pr\u00e1ticas, atualiza\u00e7\u00f5es do setor e opini\u00f5es sinceras sobre SEO, IA e marketing digital em geral. Sem rodeios! S\u00f3 as dicas que realmente uso com os meus clientes, diretamente da pr\u00e1tica.<\/p>\n","protected":false},"author":2,"featured_media":0,"parent":0,"menu_order":0,"comment_status":"closed","ping_status":"closed","template":"","meta":{"footnotes":""},"class_list":["post-2424","page","type-page","status-publish","hentry"],"aioseo_notices":[],"_links":{"self":[{"href":"https:\/\/greglacan.com\/pt\/wp-json\/wp\/v2\/pages\/2424","targetHints":{"allow":["GET"]}}],"collection":[{"href":"https:\/\/greglacan.com\/pt\/wp-json\/wp\/v2\/pages"}],"about":[{"href":"https:\/\/greglacan.com\/pt\/wp-json\/wp\/v2\/types\/page"}],"author":[{"embeddable":true,"href":"https:\/\/greglacan.com\/pt\/wp-json\/wp\/v2\/users\/2"}],"replies":[{"embeddable":true,"href":"https:\/\/greglacan.com\/pt\/wp-json\/wp\/v2\/comments?post=2424"}],"version-history":[{"count":4,"href":"https:\/\/greglacan.com\/pt\/wp-json\/wp\/v2\/pages\/2424\/revisions"}],"predecessor-version":[{"id":2555,"href":"https:\/\/greglacan.com\/pt\/wp-json\/wp\/v2\/pages\/2424\/revisions\/2555"}],"wp:attachment":[{"href":"https:\/\/greglacan.com\/pt\/wp-json\/wp\/v2\/media?parent=2424"}],"curies":[{"name":"wp","href":"https:\/\/api.w.org\/{rel}","templated":true}]}}