{"id":2432,"date":"2025-02-21T16:07:05","date_gmt":"2025-02-21T16:07:05","guid":{"rendered":"https:\/\/greglacan.com\/servicos\/"},"modified":"2025-07-07T12:02:29","modified_gmt":"2025-07-07T12:02:29","slug":"servicos","status":"publish","type":"page","link":"https:\/\/greglacan.com\/pt\/servicos\/","title":{"rendered":"Servi\u00e7os"},"content":{"rendered":"\t\t<div data-elementor-type=\"wp-page\" data-elementor-id=\"2432\" class=\"elementor elementor-2432 elementor-1992\" data-elementor-post-type=\"page\">\n\t\t\t\t<div class=\"elementor-element elementor-element-5039921 e-flex e-con-boxed e-con e-parent\" data-id=\"5039921\" data-element_type=\"container\" data-e-type=\"container\" data-settings=\"{&quot;background_background&quot;:&quot;classic&quot;}\">\n\t\t\t\t\t<div class=\"e-con-inner\">\n\t\t\t\t<div class=\"elementor-element elementor-element-97dd799 elementor-widget elementor-widget-image\" data-id=\"97dd799\" data-element_type=\"widget\" data-e-type=\"widget\" data-widget_type=\"image.default\">\n\t\t\t\t<div class=\"elementor-widget-container\">\n\t\t\t\t\t\t\t\t\t\t\t\t\t\t\t<img fetchpriority=\"high\" decoding=\"async\" width=\"400\" height=\"300\" src=\"https:\/\/greglacan.com\/wp-content\/uploads\/2024\/12\/Preview-pages-05.svg\" class=\"attachment-large size-large wp-image-1995\" alt=\"Servi\u00e7os   Greg Lacan Consultor de SEO\" title=\"Preview pages-05 - Greg Lacan Consultor de SEO\" \/>\t\t\t\t\t\t\t\t\t\t\t\t\t\t\t<\/div>\n\t\t\t\t<\/div>\n\t\t\t\t<div class=\"elementor-element elementor-element-a7cc490 elementor-widget elementor-widget-heading\" data-id=\"a7cc490\" data-element_type=\"widget\" data-e-type=\"widget\" data-widget_type=\"heading.default\">\n\t\t\t\t<div class=\"elementor-widget-container\">\n\t\t\t\t\t<h2 class=\"elementor-heading-title elementor-size-default\">Servi\u00e7os de SEO<\/h2>\t\t\t\t<\/div>\n\t\t\t\t<\/div>\n\t\t\t\t<div class=\"elementor-element elementor-element-0973a7f elementor-widget elementor-widget-heading\" data-id=\"0973a7f\" data-element_type=\"widget\" data-e-type=\"widget\" data-widget_type=\"heading.default\">\n\t\t\t\t<div class=\"elementor-widget-container\">\n\t\t\t\t\t<h1 class=\"elementor-heading-title elementor-size-default\">Descubra os nossos servi\u00e7os de<br>Consultoria em SEO<\/h1>\t\t\t\t<\/div>\n\t\t\t\t<\/div>\n\t\t\t\t<div class=\"elementor-element elementor-element-11eab17 elementor-widget elementor-widget-heading\" data-id=\"11eab17\" data-element_type=\"widget\" data-e-type=\"widget\" data-widget_type=\"heading.default\">\n\t\t\t\t<div class=\"elementor-widget-container\">\n\t\t\t\t\t<h5 class=\"elementor-heading-title elementor-size-default\">Servi\u00e7os profissionais de consultoria em SEO, incluindo auditorias, cria\u00e7\u00e3o de conte\u00fado e constru\u00e7\u00e3o de links.<br>Tamb\u00e9m estamos dispon\u00edveis para servi\u00e7os de consultoria em SEO com chamadas diretas, suporte e recomenda\u00e7\u00f5es de SEO para aumentar a sua visibilidade online.<\/h5>\t\t\t\t<\/div>\n\t\t\t\t<\/div>\n\t\t\t\t\t<\/div>\n\t\t\t\t<\/div>\n\t\t<div class=\"elementor-element elementor-element-3322560b e-flex e-con-boxed e-con e-parent\" data-id=\"3322560b\" data-element_type=\"container\" data-e-type=\"container\" data-settings=\"{&quot;background_background&quot;:&quot;classic&quot;}\">\n\t\t\t\t\t<div class=\"e-con-inner\">\n\t\t<div class=\"elementor-element elementor-element-1c4efe42 e-con-full e-flex e-con e-child\" data-id=\"1c4efe42\" data-element_type=\"container\" data-e-type=\"container\">\n\t\t\t\t<div class=\"elementor-element elementor-element-8a9db2a elementor-widget__width-initial elementor-widget elementor-widget-heading\" data-id=\"8a9db2a\" data-element_type=\"widget\" data-e-type=\"widget\" data-widget_type=\"heading.default\">\n\t\t\t\t<div class=\"elementor-widget-container\">\n\t\t\t\t\t<h2 class=\"elementor-heading-title elementor-size-default\">Alguns dos nossos servi\u00e7os de consultoria SEO<\/h2>\t\t\t\t<\/div>\n\t\t\t\t<\/div>\n\t\t\t\t<\/div>\n\t\t<div class=\"elementor-element elementor-element-80c59cd e-con-full e-flex e-con e-child\" data-id=\"80c59cd\" data-element_type=\"container\" data-e-type=\"container\">\n\t\t\t\t<div class=\"elementor-element elementor-element-4f461bd elementor-posts--align-center elementor-grid-3 elementor-grid-tablet-2 elementor-grid-mobile-1 elementor-posts--thumbnail-top elementor-widget elementor-widget-posts\" data-id=\"4f461bd\" data-element_type=\"widget\" data-e-type=\"widget\" data-settings=\"{&quot;classic_columns&quot;:&quot;3&quot;,&quot;classic_columns_tablet&quot;:&quot;2&quot;,&quot;classic_columns_mobile&quot;:&quot;1&quot;,&quot;classic_row_gap&quot;:{&quot;unit&quot;:&quot;px&quot;,&quot;size&quot;:35,&quot;sizes&quot;:[]},&quot;classic_row_gap_tablet&quot;:{&quot;unit&quot;:&quot;px&quot;,&quot;size&quot;:&quot;&quot;,&quot;sizes&quot;:[]},&quot;classic_row_gap_mobile&quot;:{&quot;unit&quot;:&quot;px&quot;,&quot;size&quot;:&quot;&quot;,&quot;sizes&quot;:[]}}\" data-widget_type=\"posts.classic\">\n\t\t\t\t<div class=\"elementor-widget-container\">\n\t\t\t\t\t\t\t<div class=\"elementor-posts-container elementor-posts elementor-posts--skin-classic elementor-grid\" role=\"list\">\n\t\t\t\t<article class=\"elementor-post elementor-grid-item post-2444 page type-page status-publish has-post-thumbnail hentry\" role=\"listitem\">\n\t\t\t\t<a class=\"elementor-post__thumbnail__link\" href=\"https:\/\/greglacan.com\/pt\/servicos\/auditoria-de-seo\/\" tabindex=\"-1\" >\n\t\t\t<div class=\"elementor-post__thumbnail\"><img decoding=\"async\" width=\"770\" height=\"512\" src=\"https:\/\/greglacan.com\/wp-content\/uploads\/2024\/07\/icons-gregss-02-770x512.png\" class=\"attachment-medium size-medium wp-image-2081\" alt=\"\" srcset=\"https:\/\/greglacan.com\/wp-content\/uploads\/2024\/07\/icons-gregss-02-770x512.png 770w, https:\/\/greglacan.com\/wp-content\/uploads\/2024\/07\/icons-gregss-02-1170x780.png 1170w\" sizes=\"(max-width: 770px) 100vw, 770px\" \/><\/div>\n\t\t<\/a>\n\t\t\t\t<div class=\"elementor-post__text\">\n\t\t\t\t<h3 class=\"elementor-post__title\">\n\t\t\t<a href=\"https:\/\/greglacan.com\/pt\/servicos\/auditoria-de-seo\/\" >\n\t\t\t\tAuditoria de SEO\t\t\t<\/a>\n\t\t<\/h3>\n\t\t\t\t<div class=\"elementor-post__excerpt\">\n\t\t\t<p>Fazemos auditorias e damos as recomenda\u00e7\u00f5es necess\u00e1rias para a tua estrat\u00e9gia de\t\t<\/div>\n\t\t\t\t\t<div class=\"elementor-post__read-more-wrapper\">\n\t\t\n\t\t<a class=\"elementor-post__read-more\" href=\"https:\/\/greglacan.com\/pt\/servicos\/auditoria-de-seo\/\" aria-label=\"Read more about Auditoria de SEO\" tabindex=\"-1\" >\n\t\t\tVer mais\t\t<\/a>\n\n\t\t\t\t\t<\/div>\n\t\t\t\t<\/div>\n\t\t\t\t<\/article>\n\t\t\t\t<article class=\"elementor-post elementor-grid-item post-2440 page type-page status-publish has-post-thumbnail hentry\" role=\"listitem\">\n\t\t\t\t<a class=\"elementor-post__thumbnail__link\" href=\"https:\/\/greglacan.com\/pt\/servicos\/link-building\/\" tabindex=\"-1\" >\n\t\t\t<div class=\"elementor-post__thumbnail\"><img decoding=\"async\" width=\"770\" height=\"512\" src=\"https:\/\/greglacan.com\/wp-content\/uploads\/2024\/09\/Link-Building-770x512.png\" class=\"attachment-medium size-medium wp-image-1815\" alt=\"\" srcset=\"https:\/\/greglacan.com\/wp-content\/uploads\/2024\/09\/Link-Building-770x512.png 770w, https:\/\/greglacan.com\/wp-content\/uploads\/2024\/09\/Link-Building-1170x780.png 1170w\" sizes=\"(max-width: 770px) 100vw, 770px\" \/><\/div>\n\t\t<\/a>\n\t\t\t\t<div class=\"elementor-post__text\">\n\t\t\t\t<h3 class=\"elementor-post__title\">\n\t\t\t<a href=\"https:\/\/greglacan.com\/pt\/servicos\/link-building\/\" >\n\t\t\t\tLink Building\t\t\t<\/a>\n\t\t<\/h3>\n\t\t\t\t<div class=\"elementor-post__excerpt\">\n\t\t\t<p>Fazemos auditorias e damos as recomenda\u00e7\u00f5es necess\u00e1rias para a tua estrat\u00e9gia de\t\t<\/div>\n\t\t\t\t\t<div class=\"elementor-post__read-more-wrapper\">\n\t\t\n\t\t<a class=\"elementor-post__read-more\" href=\"https:\/\/greglacan.com\/pt\/servicos\/link-building\/\" aria-label=\"Read more about Link Building\" tabindex=\"-1\" >\n\t\t\tVer mais\t\t<\/a>\n\n\t\t\t\t\t<\/div>\n\t\t\t\t<\/div>\n\t\t\t\t<\/article>\n\t\t\t\t<article class=\"elementor-post elementor-grid-item post-2436 page type-page status-publish has-post-thumbnail hentry\" role=\"listitem\">\n\t\t\t\t<a class=\"elementor-post__thumbnail__link\" href=\"https:\/\/greglacan.com\/pt\/servicos\/criacao-de-conteudo\/\" tabindex=\"-1\" >\n\t\t\t<div class=\"elementor-post__thumbnail\"><img loading=\"lazy\" decoding=\"async\" width=\"770\" height=\"512\" src=\"https:\/\/greglacan.com\/wp-content\/uploads\/2024\/09\/SEO-Content-770x512.png\" class=\"attachment-medium size-medium wp-image-1803\" alt=\"SEO Content Creation Service\" srcset=\"https:\/\/greglacan.com\/wp-content\/uploads\/2024\/09\/SEO-Content-770x512.png 770w, https:\/\/greglacan.com\/wp-content\/uploads\/2024\/09\/SEO-Content-1170x780.png 1170w\" sizes=\"(max-width: 770px) 100vw, 770px\" \/><\/div>\n\t\t<\/a>\n\t\t\t\t<div class=\"elementor-post__text\">\n\t\t\t\t<h3 class=\"elementor-post__title\">\n\t\t\t<a href=\"https:\/\/greglacan.com\/pt\/servicos\/criacao-de-conteudo\/\" >\n\t\t\t\tCria\u00e7\u00e3o de conte\u00fado\t\t\t<\/a>\n\t\t<\/h3>\n\t\t\t\t<div class=\"elementor-post__excerpt\">\n\t\t\t<p>Construir a autoridade da tua marca \u00e9 essencial no mundo digital. O\t\t<\/div>\n\t\t\t\t\t<div class=\"elementor-post__read-more-wrapper\">\n\t\t\n\t\t<a class=\"elementor-post__read-more\" href=\"https:\/\/greglacan.com\/pt\/servicos\/criacao-de-conteudo\/\" aria-label=\"Read more about Cria\u00e7\u00e3o de conte\u00fado\" tabindex=\"-1\" >\n\t\t\tVer mais\t\t<\/a>\n\n\t\t\t\t\t<\/div>\n\t\t\t\t<\/div>\n\t\t\t\t<\/article>\n\t\t\t\t<article class=\"elementor-post elementor-grid-item post-2432 page type-page status-publish has-post-thumbnail hentry\" role=\"listitem\">\n\t\t\t\t<a class=\"elementor-post__thumbnail__link\" href=\"https:\/\/greglacan.com\/pt\/servicos\/\" tabindex=\"-1\" >\n\t\t\t<div class=\"elementor-post__thumbnail\"><img loading=\"lazy\" decoding=\"async\" width=\"400\" height=\"300\" src=\"https:\/\/greglacan.com\/wp-content\/uploads\/2024\/12\/Preview-pages-05.svg\" class=\"attachment-medium size-medium wp-image-1995\" alt=\"Greg Lacan SEO Services\" \/><\/div>\n\t\t<\/a>\n\t\t\t\t<div class=\"elementor-post__text\">\n\t\t\t\t<h3 class=\"elementor-post__title\">\n\t\t\t<a href=\"https:\/\/greglacan.com\/pt\/servicos\/\" >\n\t\t\t\tServi\u00e7os\t\t\t<\/a>\n\t\t<\/h3>\n\t\t\t\t<div class=\"elementor-post__excerpt\">\n\t\t\t<p>Servi\u00e7os de SEO Descubra os nossos servi\u00e7os deConsultoria em SEO Servi\u00e7os profissionais<\/p>\n\t\t<\/div>\n\t\t\t\t\t<div class=\"elementor-post__read-more-wrapper\">\n\t\t\n\t\t<a class=\"elementor-post__read-more\" href=\"https:\/\/greglacan.com\/pt\/servicos\/\" aria-label=\"Read more about Servi\u00e7os\" tabindex=\"-1\" >\n\t\t\tVer mais\t\t<\/a>\n\n\t\t\t\t\t<\/div>\n\t\t\t\t<\/div>\n\t\t\t\t<\/article>\n\t\t\t\t<\/div>\n\t\t\n\t\t\t\t\t\t<\/div>\n\t\t\t\t<\/div>\n\t\t\t\t<\/div>\n\t\t\t\t\t<\/div>\n\t\t\t\t<\/div>\n\t\t\t\t<\/div>\n\t\t","protected":false},"excerpt":{"rendered":"<p>Servi\u00e7os de SEO Descubra os nossos servi\u00e7os deConsultoria em SEO Servi\u00e7os profissionais de consultoria em SEO, incluindo auditorias, cria\u00e7\u00e3o de conte\u00fado e constru\u00e7\u00e3o de links.Tamb\u00e9m estamos dispon\u00edveis para servi\u00e7os de consultoria em SEO com chamadas diretas, suporte e recomenda\u00e7\u00f5es de SEO para aumentar a sua visibilidade online. Alguns dos nossos servi\u00e7os de consultoria SEO<\/p>\n","protected":false},"author":2,"featured_media":1995,"parent":0,"menu_order":0,"comment_status":"closed","ping_status":"closed","template":"","meta":{"footnotes":""},"class_list":["post-2432","page","type-page","status-publish","has-post-thumbnail","hentry"],"aioseo_notices":[],"_links":{"self":[{"href":"https:\/\/greglacan.com\/pt\/wp-json\/wp\/v2\/pages\/2432","targetHints":{"allow":["GET"]}}],"collection":[{"href":"https:\/\/greglacan.com\/pt\/wp-json\/wp\/v2\/pages"}],"about":[{"href":"https:\/\/greglacan.com\/pt\/wp-json\/wp\/v2\/types\/page"}],"author":[{"embeddable":true,"href":"https:\/\/greglacan.com\/pt\/wp-json\/wp\/v2\/users\/2"}],"replies":[{"embeddable":true,"href":"https:\/\/greglacan.com\/pt\/wp-json\/wp\/v2\/comments?post=2432"}],"version-history":[{"count":1,"href":"https:\/\/greglacan.com\/pt\/wp-json\/wp\/v2\/pages\/2432\/revisions"}],"predecessor-version":[{"id":2435,"href":"https:\/\/greglacan.com\/pt\/wp-json\/wp\/v2\/pages\/2432\/revisions\/2435"}],"wp:featuredmedia":[{"embeddable":true,"href":"https:\/\/greglacan.com\/pt\/wp-json\/wp\/v2\/media\/1995"}],"wp:attachment":[{"href":"https:\/\/greglacan.com\/pt\/wp-json\/wp\/v2\/media?parent=2432"}],"curies":[{"name":"wp","href":"https:\/\/api.w.org\/{rel}","templated":true}]}}